{"id":2041,"date":"2020-05-30T20:50:58","date_gmt":"2020-05-30T20:50:58","guid":{"rendered":"http:\/\/not-wolf.com\/?page_id=2041"},"modified":"2025-04-29T10:25:49","modified_gmt":"2025-04-29T10:25:49","slug":"sobre-virginia-not-wolf","status":"publish","type":"page","link":"https:\/\/not-wolf.com\/pt\/","title":{"rendered":"Not Wolf = Virg\u00ednia Valente"},"content":{"rendered":"<section class=\"wpb-content-wrapper\"><p>[vc_row full_width=&#8221;stretch_row&#8221; full_height=&#8221;yes&#8221; content_placement=&#8221;top&#8221; css=&#8221;.vc_custom_1556842453355{background-image: url(http:\/\/not-wolf.com\/wp-content\/uploads\/2019\/05\/FotoPerfil-NotWolf-faded.jpg?id=1444) !important;background-position: center !important;background-repeat: no-repeat !important;background-size: cover !important;}&#8221;][vc_column width=&#8221;2\/3&#8243; css=&#8221;.vc_custom_1556842491351{margin-top: 16% !important;background-color: #ffffff !important;}&#8221;][vc_row_inner css=&#8221;.vc_custom_1556843247534{margin-right: 12% !important;}&#8221;][vc_column_inner width=&#8221;5\/6&#8243;][vc_column_text css_animation=&#8221;fadeIn&#8221; css=&#8221;.vc_custom_1590871479807{padding-top: 6% !important;padding-right: 12% !important;padding-bottom: 4% !important;padding-left: 12% !important;background-color: rgba(255,255,255,0.2) !important;*background-color: rgb(255,255,255) !important;}&#8221;]<\/p>\n<h1><strong>O que te traz por Not Wolf?<\/strong><\/h1>\n<p>[\/vc_column_text][vc_column_text css_animation=&#8221;fadeIn&#8221; css=&#8221;.vc_custom_1632244148467{padding-left: 12% !important;}&#8221;]<\/p>\n<h3 class=\"vc_custom_heading\">Por aqui esperam-se habilidades para o design e a comunica\u00e7\u00e3o pelo prazer de intervir trabalhando.<\/h3>\n<p class=\"vc_custom_heading\">Portf\u00f3lio de Virg\u00ednia Valente.<br \/>\ndesde 2007<\/p>\n<h5 class=\"vc_custom_heading\">impress\u00e3o, digital, estrat\u00e9gia, conte\u00fado e comunica\u00e7\u00e3o<\/h5>\n<p>[\/vc_column_text][\/vc_column_inner][vc_column_inner width=&#8221;1\/6&#8243;][\/vc_column_inner][\/vc_row_inner][\/vc_column][vc_column parallax=&#8221;content-moving&#8221; width=&#8221;1\/3&#8243;][vc_single_image image=&#8221;1361&#8243; img_size=&#8221;medium&#8221; alignment=&#8221;right&#8221;][\/vc_column][\/vc_row][vc_row css=&#8221;.vc_custom_1556845430065{padding-bottom: 12% !important;background-position: center !important;background-repeat: no-repeat !important;background-size: cover !important;}&#8221;][vc_column][vc_row_inner css=&#8221;.vc_custom_1556845298426{padding-top: 12% !important;background-position: center !important;background-repeat: no-repeat !important;background-size: cover !important;}&#8221;][vc_column_inner width=&#8221;1\/3&#8243; css=&#8221;.vc_custom_1556843870172{background-image: url(http:\/\/not-wolf.com\/wp-content\/uploads\/2018\/06\/NOTWOLF_design_announcements.gif?id=335) !important;background-position: center !important;background-repeat: no-repeat !important;background-size: contain !important;}&#8221;]<div class=\"banner-warpper \"><div class=\"banner-warpper-inner\"><a href=\"http:\/\/not-wolf.com\/index.php\/faz-design\/\" target=\"\" title=\"faz design,\"><div class=\"banner-background\" style=\"background-color:;\"><\/div><div class=\"banner-inner\"><div class=\"banner-content\" style=\"border-color:transparent;height:140px;\"><\/p>\n<h1>designer<\/h1>\n<p><\/div><\/div><\/a><\/div><\/div>[vc_empty_space][vc_column_text css_animation=&#8221;fadeIn&#8221;]identidade corporativa, editorial, UX \/ UI, ilustra\u00e7\u00e3o, anima\u00e7\u00e3o, propaganda[\/vc_column_text][\/vc_column_inner][vc_column_inner width=&#8221;1\/3&#8243; css=&#8221;.vc_custom_1556843903280{background-image: url(http:\/\/not-wolf.com\/wp-content\/uploads\/2018\/06\/NOTWOLF_design_editorial.gif?id=334) !important;}&#8221;]<div class=\"banner-warpper \"><div class=\"banner-warpper-inner\"><a href=\"http:\/\/not-wolf.com\/index.php\/virginia-valente-escritora\/\" target=\"\" title=\"escreve,\"><div class=\"banner-background\" style=\"background-image: url(https:\/\/not-wolf.com\/wp-content\/uploads\/2018\/06\/NOTWOLF_design_editorial.gif);\"><\/div><div class=\"banner-inner\"><div class=\"banner-content\" style=\"border-color:transparent;height:140px;\"><\/p>\n<h1>escritora<\/h1>\n<p><\/div><\/div><\/a><\/div><\/div>[vc_empty_space][vc_column_text css_animation=&#8221;fadeIn&#8221;]artigos, poemas, cr\u00f3nicas, gui\u00f5es, social media, aforismos[\/vc_column_text][\/vc_column_inner][vc_column_inner width=&#8221;1\/3&#8243; css=&#8221;.vc_custom_1556844205588{background-image: url(http:\/\/not-wolf.com\/wp-content\/uploads\/2018\/06\/NOTWOLF_design_pollytickles_landsquare.gif?id=330) !important;background-position: center !important;background-repeat: no-repeat !important;background-size: contain !important;}&#8221;]<div class=\"banner-warpper \"><div class=\"banner-warpper-inner\"><a href=\"http:\/\/not-wolf.com\/index.php\/gera-e-gere\/\" target=\"\" title=\"gera e gere.\"><div class=\"banner-background\" style=\"background-color:rgba(255,255,255,0.01);\"><\/div><div class=\"banner-inner\"><div class=\"banner-content\" style=\"border-color:transparent;height:140px;\"><\/p>\n<h1>produtora<\/h1>\n<p><\/div><\/div><\/a><\/div><\/div>[vc_empty_space][vc_column_text css_animation=&#8221;fadeIn&#8221;]produtora, programadora, curadora, porta-voz[\/vc_column_text][\/vc_column_inner][\/vc_row_inner][\/vc_column][\/vc_row][vc_row css=&#8221;.vc_custom_1556845262231{background-position: center !important;background-repeat: no-repeat !important;background-size: cover !important;}&#8221;][vc_column width=&#8221;1\/2&#8243;][vc_cta h2=&#8221;Testemunhos de bom trabalho&#8221; h4=&#8221;Cartas de recomenda\u00e7\u00e3o&#8221; add_button=&#8221;right&#8221; btn_title=&#8221;ver recomenda\u00e7\u00f5es&#8221; btn_style=&#8221;outline&#8221; btn_shape=&#8221;round&#8221; btn_color=&#8221;violet&#8221; btn_size=&#8221;sm&#8221; btn_css_animation=&#8221;fadeInRight&#8221; css_animation=&#8221;fadeIn&#8221; btn_link=&#8221;url:http%3A%2F%2Fnot-wolf.com%2Findex.php%2Fnot-who%2Freferenceletters%2F|||&#8221; css=&#8221;.vc_custom_1594391872811{background-position: center !important;background-repeat: no-repeat !important;background-size: cover !important;}&#8221;][\/vc_cta][vc_row_inner content_placement=&#8221;middle&#8221;][vc_column_inner width=&#8221;1\/4&#8243;][vc_single_image image=&#8221;645&#8243;][\/vc_column_inner][vc_column_inner width=&#8221;3\/4&#8243;][vc_column_text]virginia.at.not.wolf@gmail.com[\/vc_column_text][\/vc_column_inner][\/vc_row_inner][\/vc_column][\/vc_row]<\/p>\n<\/section>","protected":false},"excerpt":{"rendered":"<p>[vc_row full_width=&#8221;stretch_row&#8221; full_height=&#8221;yes&#8221; content_placement=&#8221;top&#8221; css=&#8221;.vc_custom_1556842453355{background-image: url(http:\/\/not-wolf.com\/wp-content\/uploads\/2019\/05\/FotoPerfil-NotWolf-faded.jpg?id=1444) !important;background-position: center !important;background-repeat: no-repeat !important;background-size: cover !important;}&#8221;][vc_column width=&#8221;2\/3&#8243; css=&#8221;.vc_custom_1556842491351{margin-top: 16% !important;background-color: #ffffff !important;}&#8221;][vc_row_inner css=&#8221;.vc_custom_1556843247534{margin-right: 12% !important;}&#8221;][vc_column_inner width=&#8221;5\/6&#8243;][vc_column_text css_animation=&#8221;fadeIn&#8221; css=&#8221;.vc_custom_1590871479807{padding-top: 6% !important;padding-right: 12% !important;padding-bottom: 4% !important;padding-left: 12% !important;background-color: rgba(255,255,255,0.2) !important;*background-color: rgb(255,255,255) !important;}&#8221;] O que te traz por Not Wolf? [\/vc_column_text][vc_column_text css_animation=&#8221;fadeIn&#8221; css=&#8221;.vc_custom_1632244148467{padding-left: 12% !important;}&#8221;] Por aqui esperam-se habilidades para o [&hellip;]<a href=\"https:\/\/not-wolf.com\/pt\/\" class=\"df-link-excerpt\">Continue reading<\/a><\/p>\n","protected":false},"author":1,"featured_media":0,"parent":0,"menu_order":0,"comment_status":"closed","ping_status":"closed","template":"","meta":{"footnotes":""},"class_list":["post-2041","page","type-page","status-publish","hentry"],"translation":{"provider":"WPGlobus","version":"3.0.0","language":"en","enabled_languages":["en","pt"],"languages":{"en":{"title":true,"content":true,"excerpt":false},"pt":{"title":false,"content":false,"excerpt":false}}},"_links":{"self":[{"href":"https:\/\/not-wolf.com\/index.php\/wp-json\/wp\/v2\/pages\/2041","targetHints":{"allow":["GET"]}}],"collection":[{"href":"https:\/\/not-wolf.com\/index.php\/wp-json\/wp\/v2\/pages"}],"about":[{"href":"https:\/\/not-wolf.com\/index.php\/wp-json\/wp\/v2\/types\/page"}],"author":[{"embeddable":true,"href":"https:\/\/not-wolf.com\/index.php\/wp-json\/wp\/v2\/users\/1"}],"replies":[{"embeddable":true,"href":"https:\/\/not-wolf.com\/index.php\/wp-json\/wp\/v2\/comments?post=2041"}],"version-history":[{"count":13,"href":"https:\/\/not-wolf.com\/index.php\/wp-json\/wp\/v2\/pages\/2041\/revisions"}],"predecessor-version":[{"id":2754,"href":"https:\/\/not-wolf.com\/index.php\/wp-json\/wp\/v2\/pages\/2041\/revisions\/2754"}],"wp:attachment":[{"href":"https:\/\/not-wolf.com\/index.php\/wp-json\/wp\/v2\/media?parent=2041"}],"curies":[{"name":"wp","href":"https:\/\/api.w.org\/{rel}","templated":true}]}}