{"id":2206,"date":"2020-05-31T13:47:57","date_gmt":"2020-05-31T13:47:57","guid":{"rendered":"http:\/\/not-wolf.com\/?page_id=2206"},"modified":"2021-09-21T17:14:13","modified_gmt":"2021-09-21T17:14:13","slug":"faz-design","status":"publish","type":"page","link":"https:\/\/not-wolf.com\/index.php\/faz-design\/","title":{"rendered":"faz design,"},"content":{"rendered":"<section class=\"wpb-content-wrapper\"><p>[vc_section full_width=&#8221;stretch_row&#8221; content_placement=&#8221;middle&#8221; parallax=&#8221;content-moving&#8221; el_class=&#8221;landing&#8221; css=&#8221;.vc_custom_1590877291274{padding-top: 0px !important;padding-bottom: 0px !important;background-color: #ffffff !important;background-position: center !important;background-repeat: no-repeat !important;background-size: cover !important;}&#8221;][vc_row full_width=&#8221;stretch_row&#8221; gap=&#8221;30&#8243; content_placement=&#8221;top&#8221; parallax=&#8221;content-moving&#8221; css=&#8221;.vc_custom_1593955743281{padding-top: 0px !important;padding-right: 12% !important;padding-bottom: 6% !important;padding-left: 12% !important;background-position: center;background-repeat: no-repeat !important;background-size: contain !important;}&#8221;][vc_column width=&#8221;1\/2&#8243; css=&#8221;.vc_custom_1593956199099{padding-right: 0px !important;padding-left: 0px !important;}&#8221;][vc_row_inner css=&#8221;.vc_custom_1593956442441{padding-right: 12% !important;padding-left: 0px !important;background-color: #ffffff !important;}&#8221;][vc_column_inner css=&#8221;.vc_custom_1590881178311{margin-top: 0px !important;margin-bottom: 0px !important;background-color: #ffffff !important;}&#8221;][vc_custom_heading text=&#8221;Not Wolf faz design.&#8221; font_container=&#8221;tag:h1|font_size:32|text_align:left|color:%23000000|line_height:1.2&#8243; use_theme_fonts=&#8221;yes&#8221; css_animation=&#8221;fadeIn&#8221;][vc_column_text css_animation=&#8221;fadeIn&#8221;]<\/p>\n<h4 style=\"text-align: left;\">Propaganda, editorial, identidade corporativa, ilustra\u00e7\u00e3o UX\/UI, anima\u00e7\u00e3o<\/h4>\n<p>Cria\u00e7\u00e3o e execu\u00e7\u00e3o de projectos para impress\u00e3o, ambiente digital e eventos.<br \/>\nUma destra gestora de projecto com compet\u00eancias profissionais no design de comunica\u00e7\u00e3o, escrita e planeamento criativos.<br \/>\nVirg\u00ednia Valente \u00e9 Not Wolf, a desenvolver autonomias profissionais desde 2007.[\/vc_column_text][\/vc_column_inner][\/vc_row_inner][\/vc_column][vc_column css_animation=&#8221;fadeIn&#8221; width=&#8221;1\/2&#8243;][vc_row_inner css=&#8221;.vc_custom_1593955972471{padding-right: 2% !important;padding-left: 2% !important;}&#8221;][vc_column_inner][vc_masonry_grid post_type=&#8221;portfolio&#8221; max_items=&#8221;10&#8243; style=&#8221;lazy&#8221; show_filter=&#8221;yes&#8221; element_width=&#8221;3&#8243; filter_size=&#8221;xs&#8221; item=&#8221;1564&#8243; initial_loading_animation=&#8221;fadeIn&#8221; grid_id=&#8221;vc_gid:1632244403593-51cad735-f464-10&#8243; css=&#8221;.vc_custom_1593956685595{background-color: rgba(255,255,255,0.01) !important;background-position: center !important;background-repeat: no-repeat !important;background-size: cover !important;*background-color: rgb(255,255,255) !important;}&#8221; filter_source=&#8221;portfolio-gallery&#8221; taxonomies=&#8221;219, 221, 243, 241, 225&#8243; exclude_filter=&#8221;249&#8243;][\/vc_column_inner][\/vc_row_inner][\/vc_column][\/vc_row][\/vc_section][vc_row full_width=&#8221;stretch_row&#8221; content_placement=&#8221;middle&#8221; css=&#8221;.vc_custom_1593957167436{padding-top: 6% !important;padding-right: 12% !important;padding-bottom: 12% !important;padding-left: 12% !important;background-color: rgba(200,162,255,0.33) !important;*background-color: rgb(200,162,255) !important;}&#8221;][vc_column][vc_row_inner][vc_column_inner width=&#8221;1\/2&#8243; css=&#8221;.vc_custom_1593957136188{padding-right: 12% !important;}&#8221;][vc_column_text css_animation=&#8221;fadeIn&#8221;]Desde Setembro de 2021 que trabalho a tempo inteiro na <a href=\"https:\/\/www.namecheap.com\/\">Namecheap<\/a>.<\/p>\n<p>Tamb\u00e9m tenho um fraco por projectos sociais a tempo parcial.[\/vc_column_text][\/vc_column_inner][vc_column_inner width=&#8221;1\/2&#8243;][vc_btn title=&#8221;linkedin para CV&#8221; style=&#8221;outline&#8221; shape=&#8221;square&#8221; color=&#8221;inverse&#8221; size=&#8221;lg&#8221; align=&#8221;center&#8221; link=&#8221;url:https%3A%2F%2Fwww.linkedin.com%2Fin%2Fnotwolf%2F|title:updated%20CV||&#8221; css=&#8221;.vc_custom_1593957230735{margin-top: 0px !important;margin-bottom: 48px !important;}&#8221;][\/vc_column_inner][\/vc_row_inner][\/vc_column][\/vc_row]<\/p>\n<\/section>","protected":false},"excerpt":{"rendered":"<p>[vc_section full_width=&#8221;stretch_row&#8221; content_placement=&#8221;middle&#8221; parallax=&#8221;content-moving&#8221; el_class=&#8221;landing&#8221; css=&#8221;.vc_custom_1590877291274{padding-top: 0px !important;padding-bottom: 0px !important;background-color: #ffffff !important;background-position: center !important;background-repeat: no-repeat !important;background-size: cover !important;}&#8221;][vc_row full_width=&#8221;stretch_row&#8221; gap=&#8221;30&#8243; content_placement=&#8221;top&#8221; parallax=&#8221;content-moving&#8221; css=&#8221;.vc_custom_1593955743281{padding-top: 0px !important;padding-right: 12% !important;padding-bottom: 6% !important;padding-left: 12% !important;background-position: center;background-repeat: no-repeat !important;background-size: contain !important;}&#8221;][vc_column width=&#8221;1\/2&#8243; css=&#8221;.vc_custom_1593956199099{padding-right: 0px !important;padding-left: 0px !important;}&#8221;][vc_row_inner css=&#8221;.vc_custom_1593956442441{padding-right: 12% !important;padding-left: 0px !important;background-color: #ffffff !important;}&#8221;][vc_column_inner css=&#8221;.vc_custom_1590881178311{margin-top: 0px !important;margin-bottom: 0px !important;background-color: #ffffff [&hellip;]<a href=\"https:\/\/not-wolf.com\/index.php\/faz-design\/\" class=\"df-link-excerpt\">Continue reading<\/a><\/p>\n","protected":false},"author":1,"featured_media":0,"parent":0,"menu_order":0,"comment_status":"closed","ping_status":"closed","template":"","meta":{"footnotes":""},"class_list":["post-2206","page","type-page","status-publish","hentry"],"translation":{"provider":"WPGlobus","version":"3.0.0","language":"en","enabled_languages":["en","pt"],"languages":{"en":{"title":true,"content":true,"excerpt":false},"pt":{"title":false,"content":false,"excerpt":false}}},"_links":{"self":[{"href":"https:\/\/not-wolf.com\/index.php\/wp-json\/wp\/v2\/pages\/2206","targetHints":{"allow":["GET"]}}],"collection":[{"href":"https:\/\/not-wolf.com\/index.php\/wp-json\/wp\/v2\/pages"}],"about":[{"href":"https:\/\/not-wolf.com\/index.php\/wp-json\/wp\/v2\/types\/page"}],"author":[{"embeddable":true,"href":"https:\/\/not-wolf.com\/index.php\/wp-json\/wp\/v2\/users\/1"}],"replies":[{"embeddable":true,"href":"https:\/\/not-wolf.com\/index.php\/wp-json\/wp\/v2\/comments?post=2206"}],"version-history":[{"count":12,"href":"https:\/\/not-wolf.com\/index.php\/wp-json\/wp\/v2\/pages\/2206\/revisions"}],"predecessor-version":[{"id":2619,"href":"https:\/\/not-wolf.com\/index.php\/wp-json\/wp\/v2\/pages\/2206\/revisions\/2619"}],"wp:attachment":[{"href":"https:\/\/not-wolf.com\/index.php\/wp-json\/wp\/v2\/media?parent=2206"}],"curies":[{"name":"wp","href":"https:\/\/api.w.org\/{rel}","templated":true}]}}