{"id":2037,"date":"2020-05-30T16:47:35","date_gmt":"2020-05-30T16:47:35","guid":{"rendered":"http:\/\/not-wolf.com\/?page_id=2037"},"modified":"2024-11-15T16:33:00","modified_gmt":"2024-11-15T16:33:00","slug":"virginia-valente-escritora","status":"publish","type":"page","link":"https:\/\/not-wolf.com\/pt\/index.php\/virginia-valente-escritora\/","title":{"rendered":"escreve,"},"content":{"rendered":"<section class=\"wpb-content-wrapper\"><p>[vc_section full_width=&#8221;stretch_row&#8221; content_placement=&#8221;middle&#8221; parallax=&#8221;content-moving&#8221; el_class=&#8221;landing&#8221; css=&#8221;.vc_custom_1556859735192{padding-top: 12% !important;padding-bottom: 24% !important;background: #ffffff url(http:\/\/not-wolf.com\/wp-content\/uploads\/2019\/05\/NotWolf-writing.jpg?id=1572) !important;background-position: 0 0 !important;background-repeat: no-repeat !important;}&#8221;][vc_row full_width=&#8221;stretch_row&#8221; content_placement=&#8221;top&#8221; parallax=&#8221;content-moving&#8221;][vc_column width=&#8221;1\/2&#8243; css=&#8221;.vc_custom_1527463716614{padding-right: 48px !important;padding-left: 48px !important;}&#8221;][vc_row_inner content_placement=&#8221;top&#8221;][vc_column_inner css=&#8221;.vc_custom_1556834105137{padding-top: 12% !important;padding-right: 12% !important;padding-bottom: 12% !important;padding-left: 12% !important;background-color: #ffffff !important;}&#8221;][vc_custom_heading text=&#8221;Not Wolf escreve&#8221; font_container=&#8221;tag:h1|font_size:32|text_align:left|color:%23000000|line_height:1.2&#8243; use_theme_fonts=&#8221;yes&#8221; css_animation=&#8221;fadeIn&#8221;][vc_column_text css_animation=&#8221;fadeIn&#8221;]Dar uso \u00e0s palavras atrav\u00e9s da escrita publicit\u00e1ria, jornal\u00edstica, liter\u00e1ria, panflet\u00e1ria, po\u00e9tica, intimista.[\/vc_column_text][\/vc_column_inner][\/vc_row_inner][\/vc_column][vc_column css_animation=&#8221;fadeIn&#8221; width=&#8221;1\/2&#8243; css=&#8221;.vc_custom_1529063550550{padding-top: 128px !important;padding-bottom: 128px !important;background-position: center !important;background-repeat: no-repeat !important;background-size: contain !important;}&#8221;][\/vc_column][\/vc_row][\/vc_section][vc_row full_width=&#8221;stretch_row&#8221; gap=&#8221;35&#8243; full_height=&#8221;yes&#8221;][vc_column][vc_row_inner][vc_column_inner][vc_text_separator title=&#8221;ler em portugu\u00eas&#8221; title_align=&#8221;separator_align_left&#8221; color=&#8221;black&#8221; style=&#8221;dotted&#8221; css_animation=&#8221;fadeIn&#8221; css=&#8221;.vc_custom_1556859828984{margin-top: 6% !important;}&#8221;][\/vc_column_inner][\/vc_row_inner][\/vc_column][vc_column][vc_masonry_grid post_type=&#8221;post&#8221; max_items=&#8221;10&#8243; style=&#8221;lazy&#8221; show_filter=&#8221;yes&#8221; element_width=&#8221;3&#8243; filter_default_title=&#8221;portugu\u00eas&#8221; item=&#8221;1568&#8243; initial_loading_animation=&#8221;fadeIn&#8221; grid_id=&#8221;vc_gid:1590888125608-98f4d488-2af8-6&#8243; filter_source=&#8221;post_tag&#8221; taxonomies=&#8221;41&#8243; exclude_filter=&#8221;23, 43, 6, 19, 28, 9, 4&#8243; css=&#8221;.vc_custom_1590889879844{padding-right: 12% !important;padding-bottom: 12% !important;padding-left: 12% !important;}&#8221;][\/vc_column][\/vc_row]<\/p>\n<\/section>","protected":false},"excerpt":{"rendered":"<p>[vc_section full_width=&#8221;stretch_row&#8221; content_placement=&#8221;middle&#8221; parallax=&#8221;content-moving&#8221; el_class=&#8221;landing&#8221; css=&#8221;.vc_custom_1556859735192{padding-top: 12% !important;padding-bottom: 24% !important;background: #ffffff url(http:\/\/not-wolf.com\/wp-content\/uploads\/2019\/05\/NotWolf-writing.jpg?id=1572) !important;background-position: 0 0 !important;background-repeat: no-repeat !important;}&#8221;][vc_row full_width=&#8221;stretch_row&#8221; content_placement=&#8221;top&#8221; parallax=&#8221;content-moving&#8221;][vc_column width=&#8221;1\/2&#8243; css=&#8221;.vc_custom_1527463716614{padding-right: 48px !important;padding-left: 48px !important;}&#8221;][vc_row_inner content_placement=&#8221;top&#8221;][vc_column_inner css=&#8221;.vc_custom_1556834105137{padding-top: 12% !important;padding-right: 12% !important;padding-bottom: 12% !important;padding-left: 12% !important;background-color: #ffffff !important;}&#8221;][vc_custom_heading text=&#8221;Not Wolf escreve&#8221; font_container=&#8221;tag:h1|font_size:32|text_align:left|color:%23000000|line_height:1.2&#8243; use_theme_fonts=&#8221;yes&#8221; css_animation=&#8221;fadeIn&#8221;][vc_column_text css_animation=&#8221;fadeIn&#8221;]Dar uso \u00e0s palavras atrav\u00e9s da escrita publicit\u00e1ria, jornal\u00edstica, liter\u00e1ria, [&hellip;]<a href=\"https:\/\/not-wolf.com\/pt\/index.php\/virginia-valente-escritora\/\" class=\"df-link-excerpt\">Continue reading<\/a><\/p>\n","protected":false},"author":1,"featured_media":0,"parent":0,"menu_order":0,"comment_status":"closed","ping_status":"closed","template":"","meta":{"footnotes":""},"class_list":["post-2037","page","type-page","status-publish","hentry"],"translation":{"provider":"WPGlobus","version":"3.0.0","language":"pt","enabled_languages":["en","pt"],"languages":{"en":{"title":true,"content":true,"excerpt":false},"pt":{"title":false,"content":false,"excerpt":false}}},"_links":{"self":[{"href":"https:\/\/not-wolf.com\/pt\/index.php\/wp-json\/wp\/v2\/pages\/2037","targetHints":{"allow":["GET"]}}],"collection":[{"href":"https:\/\/not-wolf.com\/pt\/index.php\/wp-json\/wp\/v2\/pages"}],"about":[{"href":"https:\/\/not-wolf.com\/pt\/index.php\/wp-json\/wp\/v2\/types\/page"}],"author":[{"embeddable":true,"href":"https:\/\/not-wolf.com\/pt\/index.php\/wp-json\/wp\/v2\/users\/1"}],"replies":[{"embeddable":true,"href":"https:\/\/not-wolf.com\/pt\/index.php\/wp-json\/wp\/v2\/comments?post=2037"}],"version-history":[{"count":3,"href":"https:\/\/not-wolf.com\/pt\/index.php\/wp-json\/wp\/v2\/pages\/2037\/revisions"}],"predecessor-version":[{"id":2748,"href":"https:\/\/not-wolf.com\/pt\/index.php\/wp-json\/wp\/v2\/pages\/2037\/revisions\/2748"}],"wp:attachment":[{"href":"https:\/\/not-wolf.com\/pt\/index.php\/wp-json\/wp\/v2\/media?parent=2037"}],"curies":[{"name":"wp","href":"https:\/\/api.w.org\/{rel}","templated":true}]}}